{"id":16,"date":"2024-05-22T11:44:50","date_gmt":"2024-05-22T11:44:50","guid":{"rendered":"https:\/\/koodie.de\/?page_id=16"},"modified":"2024-05-22T11:44:51","modified_gmt":"2024-05-22T11:44:51","slug":"leistungen","status":"publish","type":"page","link":"https:\/\/koodie.de\/?page_id=16","title":{"rendered":"Leistungen"},"content":{"rendered":"\n<p>IT-Beratung und Projektleitung: Egal ob es um die Digitalisierung von Prozessen, Asset Management oder die Implementierung von Cloud-L\u00f6sungen geht, ich unterst\u00fctze Sie von der Planung bis zur Umsetzung.<br><br>Interim Management: Kurzfristige Leitung von IT-Abteilungen, Teams oder Projekten, um Kontinuit\u00e4t und Erfolg in \u00dcbergangsphasen zu gew\u00e4hrleisten.<br><br>Schulungen und Trainings: Weiterbildung Ihrer Mitarbeiter in den neuesten Technologien und Methoden zur Steigerung der Effizienz und Kompetenz Ihres Teams.<br><br>Infrastruktur und IT-Architektur: Optimierung und Vereinheitlichung Ihrer IT-Services, Implementierung globaler Systeme und Einsparprojekte.<\/p>\n","protected":false},"excerpt":{"rendered":"<p>IT-Beratung und Projektleitung: Egal ob es um die Digitalisierung von Prozessen, Asset Management oder die Implementierung von Cloud-L\u00f6sungen geht, ich unterst\u00fctze Sie von der Planung bis zur Umsetzung. Interim Management: Kurzfristige Leitung von IT-Abteilungen, Teams oder Projekten, um Kontinuit\u00e4t und Erfolg in \u00dcbergangsphasen zu gew\u00e4hrleisten. Schulungen und Trainings: Weiterbildung Ihrer Mitarbeiter in den neuesten Technologien [&hellip;]<\/p>\n","protected":false},"author":1,"featured_media":0,"parent":0,"menu_order":0,"comment_status":"closed","ping_status":"closed","template":"","meta":{"footnotes":""},"_links":{"self":[{"href":"https:\/\/koodie.de\/index.php?rest_route=\/wp\/v2\/pages\/16"}],"collection":[{"href":"https:\/\/koodie.de\/index.php?rest_route=\/wp\/v2\/pages"}],"about":[{"href":"https:\/\/koodie.de\/index.php?rest_route=\/wp\/v2\/types\/page"}],"author":[{"embeddable":true,"href":"https:\/\/koodie.de\/index.php?rest_route=\/wp\/v2\/users\/1"}],"replies":[{"embeddable":true,"href":"https:\/\/koodie.de\/index.php?rest_route=%2Fwp%2Fv2%2Fcomments&post=16"}],"version-history":[{"count":1,"href":"https:\/\/koodie.de\/index.php?rest_route=\/wp\/v2\/pages\/16\/revisions"}],"predecessor-version":[{"id":17,"href":"https:\/\/koodie.de\/index.php?rest_route=\/wp\/v2\/pages\/16\/revisions\/17"}],"wp:attachment":[{"href":"https:\/\/koodie.de\/index.php?rest_route=%2Fwp%2Fv2%2Fmedia&parent=16"}],"curies":[{"name":"wp","href":"https:\/\/api.w.org\/{rel}","templated":true}]}}