{"id":14,"date":"2024-05-22T11:42:00","date_gmt":"2024-05-22T11:42:00","guid":{"rendered":"https:\/\/koodie.de\/?page_id=14"},"modified":"2024-05-23T19:50:09","modified_gmt":"2024-05-23T19:50:09","slug":"ueber-mich","status":"publish","type":"page","link":"https:\/\/koodie.de\/","title":{"rendered":"\u00dcber Mich"},"content":{"rendered":"\n<figure class=\"wp-block-image size-large is-resized is-style-default wp-duotone-unset-1\"><img loading=\"lazy\" decoding=\"async\" width=\"1024\" height=\"861\" src=\"https:\/\/koodie.de\/wp-content\/uploads\/2024\/05\/Me-1024x861.jpg\" alt=\"\" class=\"wp-image-27\" style=\"width:611px;height:auto\" srcset=\"https:\/\/koodie.de\/wp-content\/uploads\/2024\/05\/Me-1024x861.jpg 1024w, https:\/\/koodie.de\/wp-content\/uploads\/2024\/05\/Me-300x252.jpg 300w, https:\/\/koodie.de\/wp-content\/uploads\/2024\/05\/Me-768x646.jpg 768w, https:\/\/koodie.de\/wp-content\/uploads\/2024\/05\/Me.jpg 1263w\" sizes=\"(max-width: 1024px) 100vw, 1024px\" \/><\/figure>\n\n\n\n<p>Mein Name ist Marcus Matthias und ich bin Ihr zuverl\u00e4ssiger Partner f\u00fcr ihre IT.<br><br>Mit \u00fcber zwei Jahrzehnten Erfahrung in der IT-Branche und einer Vielzahl von erfolgreichen Projekten, stehe ich Ihnen mit umfassender Expertise und ma\u00dfgeschneiderten L\u00f6sungen zur Seite.<br><br>Eine meiner herausragenden St\u00e4rken ist meine hohe Auffassungsgabe, die es mir erm\u00f6glicht, komplexe Sachverhalte schnell zu erfassen und effiziente L\u00f6sungen zu entwickeln. Diese F\u00e4higkeit hilft mir nicht nur, technische Herausforderungen z\u00fcgig zu bew\u00e4ltigen, sondern auch, strategische Entscheidungen fundiert zu treffen.<br><br>Besonders wertvoll ist diese F\u00e4higkeit um erfolgreich zwischen operativen Ebenen und dem Management zu vermitteln. Ich verstehe die Bed\u00fcrfnisse und Anforderungen beider Seiten und kann so effektive Kommunikationsbr\u00fccken schlagen. Dadurch sorge ich f\u00fcr eine reibungslose Zusammenarbeit und eine zielgerichtete Umsetzung von Projekten.<\/p>\n\n\n\n<p>Zu finden bin ich auch hier: <\/p>\n\n\n\n<p>Xing: <a href=\"https:\/\/www.xing.com\/profile\/Marcus_Matthias\/\">https:\/\/www.xing.com\/profile\/Marcus_Matthias\/<\/a><\/p>\n\n\n\n<p>Freelancermap: <a href=\"https:\/\/www.freelancermap.de\/profil\/marcus-matthias\">https:\/\/www.freelancermap.de\/profil\/marcus-matthias<\/a><\/p>\n\n\n\n<p><\/p>\n","protected":false},"excerpt":{"rendered":"<p>Mein Name ist Marcus Matthias und ich bin Ihr zuverl\u00e4ssiger Partner f\u00fcr ihre IT. Mit \u00fcber zwei Jahrzehnten Erfahrung in der IT-Branche und einer Vielzahl von erfolgreichen Projekten, stehe ich Ihnen mit umfassender Expertise und ma\u00dfgeschneiderten L\u00f6sungen zur Seite. Eine meiner herausragenden St\u00e4rken ist meine hohe Auffassungsgabe, die es mir erm\u00f6glicht, komplexe Sachverhalte schnell zu [&hellip;]<\/p>\n","protected":false},"author":1,"featured_media":0,"parent":0,"menu_order":0,"comment_status":"closed","ping_status":"closed","template":"","meta":{"footnotes":""},"_links":{"self":[{"href":"https:\/\/koodie.de\/index.php?rest_route=\/wp\/v2\/pages\/14"}],"collection":[{"href":"https:\/\/koodie.de\/index.php?rest_route=\/wp\/v2\/pages"}],"about":[{"href":"https:\/\/koodie.de\/index.php?rest_route=\/wp\/v2\/types\/page"}],"author":[{"embeddable":true,"href":"https:\/\/koodie.de\/index.php?rest_route=\/wp\/v2\/users\/1"}],"replies":[{"embeddable":true,"href":"https:\/\/koodie.de\/index.php?rest_route=%2Fwp%2Fv2%2Fcomments&post=14"}],"version-history":[{"count":5,"href":"https:\/\/koodie.de\/index.php?rest_route=\/wp\/v2\/pages\/14\/revisions"}],"predecessor-version":[{"id":35,"href":"https:\/\/koodie.de\/index.php?rest_route=\/wp\/v2\/pages\/14\/revisions\/35"}],"wp:attachment":[{"href":"https:\/\/koodie.de\/index.php?rest_route=%2Fwp%2Fv2%2Fmedia&parent=14"}],"curies":[{"name":"wp","href":"https:\/\/api.w.org\/{rel}","templated":true}]}}